{"id":4017,"date":"2025-06-30T08:18:10","date_gmt":"2025-06-30T06:18:10","guid":{"rendered":"https:\/\/www.backforce.be\/?page_id=4017"},"modified":"2025-11-25T13:07:34","modified_gmt":"2025-11-25T12:07:34","slug":"clause-de-non-responsabilite","status":"publish","type":"page","link":"https:\/\/www.backforce.be\/fr\/disclaimer\/","title":{"rendered":"Clause de non-responsabilit\u00e9"},"content":{"rendered":"<div data-elementor-type=\"wp-page\" data-elementor-id=\"4017\" class=\"elementor elementor-4017\" data-elementor-post-type=\"page\">\n\t\t\t\t<div class=\"elementor-element elementor-element-75d1bac padding-l e-flex e-con-boxed e-con e-parent\" data-id=\"75d1bac\" data-element_type=\"container\" data-e-type=\"container\">\n\t\t\t\t\t<div class=\"e-con-inner\">\n\t\t\t\t<div class=\"elementor-element elementor-element-fe5865f elementor-widget elementor-widget-heading\" data-id=\"fe5865f\" data-element_type=\"widget\" data-e-type=\"widget\" data-widget_type=\"heading.default\">\n\t\t\t\t\t<h1 class=\"elementor-heading-title elementor-size-default\">Clause de non-responsabilit\u00e9<\/h1>\t\t\t\t<\/div>\n\t\t\t\t<div class=\"elementor-element elementor-element-0501b52 elementor-widget elementor-widget-heading\" data-id=\"0501b52\" data-element_type=\"widget\" data-e-type=\"widget\" data-widget_type=\"heading.default\">\n\t\t\t\t\t<span class=\"elementor-heading-title elementor-size-default\">Derni\u00e8re mise \u00e0 jour : novembre 2025<\/span>\t\t\t\t<\/div>\n\t\t\t\t<div class=\"elementor-element elementor-element-debb10a elementor-widget elementor-widget-text-editor\" data-id=\"debb10a\" data-element_type=\"widget\" data-e-type=\"widget\" data-widget_type=\"text-editor.default\">\n\t\t\t\t\t\t\t\t\t<p>Toutes les marques mentionn\u00e9es dans les communications de Backforce bv sont, ou peuvent \u00eatre, des marques commerciales ou des marques d\u00e9pos\u00e9es de Backforce bv. Tous les droits qui ne sont pas express\u00e9ment accord\u00e9s dans le pr\u00e9sent document sont r\u00e9serv\u00e9s.<\/p><p>Aucun \u00e9l\u00e9ment contenu dans des publications de Backforce bv, qu\u2019elles soient num\u00e9riques ou imprim\u00e9es, ne peut \u00eatre reproduit, copi\u00e9 ou traduit sans l\u2019autorisation \u00e9crite de Backforce bv. Une autorisation \u00e9crite peut \u00eatre obtenue aupr\u00e8s du directeur ou du service marketing.<\/p><p>Le site web de Backforce bv a \u00e9t\u00e9 r\u00e9alis\u00e9 avec le soin et les connaissances n\u00e9cessaires ainsi que les meilleures intentions. Backforce bv n\u2019accepte, en aucune fa\u00e7on, une quelconque responsabilit\u00e9 en cas de fautes et \/ ou d\u2019inexactitudes.<\/p><p>Les dessins figurant dans notre documentation technique, sur notre site internet ou tout autre communication sont purement indicatifs. Backforce bv ne peut en aucun cas \u00eatre tenue pour responsable en cas d\u2019erreurs. Toutes les situations pr\u00e9sent\u00e9es sont donn\u00e9es uniquement \u00e0 titre d\u2019illustration et doivent toujours \u00eatre adapt\u00e9es par le conducteur de travaux \/ l\u2019installateur \u00e0 sa situation sp\u00e9cifique.<\/p><p>Toutes les r\u00e9f\u00e9rences \u00e0 des tiers et illustrations de tiers sont toujours donn\u00e9es \u00e0 titre purement indicatif. Leur utilisation correcte doit toujours \u00eatre v\u00e9rifi\u00e9es aupr\u00e8s du fabricant ou fournisseur concern\u00e9. Les informations et\/ou dessins de tiers qui renvoient \u00e0 des accessoires ou des dispositifs peuvent exiger des connaissances et des outils sp\u00e9cifiques lors de leur utilisation ou pour leur installation. C\u2019est au conducteur de travaux ou \u00e0 l\u2019installateur de recueillir les informations correctes \u00e0 ce sujet et d\u2019utiliser la m\u00e9thode de travail appropri\u00e9e.<\/p><p>Tous les per\u00e7ages, trous de vis et autres transformations de quelque nature que ce soit, en lien d\u2019une fa\u00e7on ou d\u2019une autre avec des composants de tiers, doivent toujours \u00eatre v\u00e9rifi\u00e9s aupr\u00e8s du fabricant ou fournisseur afin de garantir le fonctionnement correct et continu de ces composants.<\/p><p>Backforce bv se garde le droit de modifier dans tous les documents, toutes les informations utilis\u00e9es sans pr\u00e9avis.<\/p><p>Toutes les constructions sont soumises aux l\u00e9gislations, r\u00e8gles et normes locales.<\/p>\t\t\t\t\t\t\t\t<\/div>\n\t\t\t\t\t<\/div>\n\t\t\t\t<\/div>\n\t\t\t\t<\/div>","protected":false},"excerpt":{"rendered":"<p>Alle merken vermeld in de communicatie van Backforce bv, zijn of kunnen de handelsmerken of wettig gedeponeerde handelsmerken van Backforce bv zijn. Enige rechten die hierin niet uitdrukkelijk zijn verleend, worden voorbehouden. Niets uit Backforce bv publicaties, digitaal of print, mag worden gereproduceerd, gekopieerd of vertaald zonder schriftelijke toestemming van Backforce bv. Een schriftelijke toestemming [&hellip;]<\/p>\n","protected":false},"author":6,"featured_media":0,"parent":0,"menu_order":9700,"comment_status":"closed","ping_status":"closed","template":"","meta":{"footnotes":""},"class_list":["post-4017","page","type-page","status-publish","hentry"],"_links":{"self":[{"href":"https:\/\/www.backforce.be\/fr\/wp-json\/wp\/v2\/pages\/4017","targetHints":{"allow":["GET"]}}],"collection":[{"href":"https:\/\/www.backforce.be\/fr\/wp-json\/wp\/v2\/pages"}],"about":[{"href":"https:\/\/www.backforce.be\/fr\/wp-json\/wp\/v2\/types\/page"}],"author":[{"embeddable":true,"href":"https:\/\/www.backforce.be\/fr\/wp-json\/wp\/v2\/users\/6"}],"replies":[{"embeddable":true,"href":"https:\/\/www.backforce.be\/fr\/wp-json\/wp\/v2\/comments?post=4017"}],"version-history":[{"count":14,"href":"https:\/\/www.backforce.be\/fr\/wp-json\/wp\/v2\/pages\/4017\/revisions"}],"predecessor-version":[{"id":5575,"href":"https:\/\/www.backforce.be\/fr\/wp-json\/wp\/v2\/pages\/4017\/revisions\/5575"}],"wp:attachment":[{"href":"https:\/\/www.backforce.be\/fr\/wp-json\/wp\/v2\/media?parent=4017"}],"curies":[{"name":"wp","href":"https:\/\/api.w.org\/{rel}","templated":true}]}}