{"id":40,"date":"2023-03-31T10:41:01","date_gmt":"2023-03-31T10:41:01","guid":{"rendered":"https:\/\/www.backforce.be\/?page_id=40"},"modified":"2025-10-24T09:29:57","modified_gmt":"2025-10-24T07:29:57","slug":"politique-de-confidentialite","status":"publish","type":"page","link":"https:\/\/www.backforce.be\/fr\/privacybeleid\/","title":{"rendered":"Politique de confidentialit\u00e9"},"content":{"rendered":"<div data-elementor-type=\"wp-page\" data-elementor-id=\"40\" class=\"elementor elementor-40\" data-elementor-post-type=\"page\">\n\t\t\t\t<div class=\"elementor-element elementor-element-377e263 padding-l e-flex e-con-boxed e-con e-parent\" data-id=\"377e263\" data-element_type=\"container\" data-e-type=\"container\">\n\t\t\t\t\t<div class=\"e-con-inner\">\n\t\t\t\t<div class=\"elementor-element elementor-element-95fe904 elementor-widget elementor-widget-heading\" data-id=\"95fe904\" data-element_type=\"widget\" data-e-type=\"widget\" data-widget_type=\"heading.default\">\n\t\t\t\t\t<h1 class=\"elementor-heading-title elementor-size-default\">Politique de confidentialit\u00e9<\/h1>\t\t\t\t<\/div>\n\t\t\t\t<div class=\"elementor-element elementor-element-7bff185 elementor-widget elementor-widget-text-editor\" data-id=\"7bff185\" data-element_type=\"widget\" data-e-type=\"widget\" data-widget_type=\"text-editor.default\">\n\t\t\t\t\t\t\t\t\t<p>Nous respectons la vie priv\u00e9e de nos utilisateurs et traitons vos donn\u00e9es personnelles avec soin, en toute s\u00e9curit\u00e9 et de mani\u00e8re transparente. Dans cette politique de confidentialit\u00e9, nous expliquons quelles donn\u00e9es nous collectons, pourquoi nous le faisons et comment nous les prot\u00e9geons. Veuillez lire attentivement cette politique pour bien comprendre comment nous travaillons.<\/p>\t\t\t\t\t\t\t\t<\/div>\n\t\t\t\t<div class=\"elementor-element elementor-element-516cd4c elementor-widget elementor-widget-text-editor\" data-id=\"516cd4c\" data-element_type=\"widget\" data-e-type=\"widget\" data-widget_type=\"text-editor.default\">\n\t\t\t\t\t\t\t\t\t<p><strong>Responsabilit\u00e9<\/strong><\/p><p>Backforce bv<strong><br \/><\/strong>Kunstdal 21, 9900 Eeklo<br \/>E-mail : <a href=\"mailto:info@backforce.be\">info@backforce.be<\/a><br \/>Num\u00e9ro d'entreprise : BE 1007.184.157<\/p><p>Pour toute question concernant cette politique de confidentialit\u00e9, veuillez nous contacter \u00e0 l'adresse suivante <a href=\"mailto:info@backforce.be\">info@backforce.be<\/a>.<\/p>\t\t\t\t\t\t\t\t<\/div>\n\t\t\t\t<div class=\"elementor-element elementor-element-26be85d elementor-widget elementor-widget-heading\" data-id=\"26be85d\" data-element_type=\"widget\" data-e-type=\"widget\" data-widget_type=\"heading.default\">\n\t\t\t\t\t<h2 class=\"elementor-heading-title elementor-size-default\">Traitement et conservation des donn\u00e9es<\/h2>\t\t\t\t<\/div>\n\t\t\t\t<div class=\"elementor-element elementor-element-5fbb3fa elementor-widget elementor-widget-text-editor\" data-id=\"5fbb3fa\" data-element_type=\"widget\" data-e-type=\"widget\" data-widget_type=\"text-editor.default\">\n\t\t\t\t\t\t\t\t\t<p>BACKFORCE bv peut traiter des donn\u00e9es personnelles vous concernant parce que vous utilisez les services de BACKFORCE bv et\/ou parce que vous les fournissez vous-m\u00eame \u00e0 BACKFORCE bv en remplissant un formulaire de contact sur le site web et\/ou nous les obtenons de tiers. BACKFORCE bv peut traiter les donn\u00e9es personnelles suivantes :<\/p><ul><li>Donn\u00e9es personnelles : nom, adresse, adresse \u00e9lectronique, num\u00e9ro de t\u00e9l\u00e9phone, date de naissance, etc.<\/li><li>Donn\u00e9es d'utilisation : Adresse IP, informations sur le navigateur, pages visit\u00e9es, heure de la visite et autres donn\u00e9es techniques.<\/li><li>Donn\u00e9es de paiement : si vous effectuez un achat, nous traitons des donn\u00e9es telles que le mode de paiement, le num\u00e9ro de compte (IBAN) et les d\u00e9tails de la transaction.<\/li><li>Donn\u00e9es de communication : informations que vous fournissez par le biais de nos campagnes de marketing, formulaires de contact ou autres moyens de communication (en ligne et hors ligne).<\/li><li>Donn\u00e9es relatives au candidat : nom, coordonn\u00e9es, CV, lettres de motivation et autres informations que vous fournissez au cours du processus de candidature.<\/li><\/ul><p>Nous ne conserverons pas vos donn\u00e9es plus longtemps que n\u00e9cessaire aux fins pour lesquelles elles ont \u00e9t\u00e9 collect\u00e9es ou aussi longtemps que la loi l'exige. Apr\u00e8s cela, vos donn\u00e9es seront supprim\u00e9es en toute s\u00e9curit\u00e9.<\/p><ul><li>Les donn\u00e9es relatives aux candidats seront conserv\u00e9es pendant un maximum de 12 mois apr\u00e8s la fin de la proc\u00e9dure de candidature, \u00e0 moins que vous ne nous autorisiez \u00e0 les conserver plus longtemps pour des postes vacants ult\u00e9rieurs.<\/li><li>Les donn\u00e9es suivantes sont conserv\u00e9es sur les candidats : donn\u00e9es personnelles, langue, \u00e9ducation, comp\u00e9tences, employeurs pr\u00e9c\u00e9dents et situation familiale. Par extension, toutes les informations mentionn\u00e9es dans le CV du candidat.<\/li><li>Les donn\u00e9es personnelles collect\u00e9es et trait\u00e9es par BACKFORCE bv dans le cadre des demandes d'emploi seront trait\u00e9es de mani\u00e8re confidentielle et seront utilis\u00e9es exclusivement pour les proc\u00e9dures de demande d'emploi chez BACKFORCE bv.<\/li><\/ul><p>BACKFORCE bv ne traite pas de donn\u00e9es qui r\u00e9v\u00e8lent votre origine raciale ou ethnique, vos opinions politiques, vos croyances religieuses ou philosophiques, votre appartenance \u00e0 un syndicat, vos donn\u00e9es relatives \u00e0 la sant\u00e9 ou \u00e0 la vie, votre orientation sexuelle, vos donn\u00e9es g\u00e9n\u00e9tiques ou biom\u00e9triques.<\/p>\t\t\t\t\t\t\t\t<\/div>\n\t\t\t\t<div class=\"elementor-element elementor-element-e5b178d elementor-widget elementor-widget-heading\" data-id=\"e5b178d\" data-element_type=\"widget\" data-e-type=\"widget\" data-widget_type=\"heading.default\">\n\t\t\t\t\t<h2 class=\"elementor-heading-title elementor-size-default\">Comment utilisons-nous vos donn\u00e9es ?<\/h2>\t\t\t\t<\/div>\n\t\t\t\t<div class=\"elementor-element elementor-element-ef00b7e elementor-widget elementor-widget-text-editor\" data-id=\"ef00b7e\" data-element_type=\"widget\" data-e-type=\"widget\" data-widget_type=\"text-editor.default\">\n\t\t\t\t\t\t\t\t\t<p>BACKFORCE bv traite les donn\u00e9es personnelles exclusivement aux fins suivantes :<\/p><ul><li>Fournir nos produits et services<\/li><li>Traitement des paiements et des commandes<\/li><li>Am\u00e9liorer notre service et notre communication<\/li><li>\u00c0 des fins de marketing<ul><li>R\u00e9alimentation de nos bases de donn\u00e9es (clients, prospects et contacts)<\/li><li>Fournir la documentation et le mat\u00e9riel promotionnel demand\u00e9s<\/li><li>Enregistrement des produits achet\u00e9s<\/li><li>Promouvoir les produits et services de BACKFORCE bv et de ses affili\u00e9s et marques<\/li><li>Envoi de lettres d'information et d'offres<\/li><li>la communication de messages et d'actions personnalis\u00e9s sur la base des informations collect\u00e9es concernant votre utilisation de nos sites web, \u00e0 l'aide de cookies ou de techniques similaires<\/li><li>Analyser et optimiser l'exp\u00e9rience de l'utilisateur sur notre site web<\/li><\/ul><\/li><li>Respecter les obligations l\u00e9gales<\/li><li>Traitement des candidatures et \u00e9valuation des candidats pour les postes \u00e0 pourvoir<\/li><\/ul>\t\t\t\t\t\t\t\t<\/div>\n\t\t\t\t<div class=\"elementor-element elementor-element-7bb2c83 elementor-widget elementor-widget-heading\" data-id=\"7bb2c83\" data-element_type=\"widget\" data-e-type=\"widget\" data-widget_type=\"heading.default\">\n\t\t\t\t\t<h2 class=\"elementor-heading-title elementor-size-default\">Avec qui partageons-nous vos donn\u00e9es ?<\/h2>\t\t\t\t<\/div>\n\t\t\t\t<div class=\"elementor-element elementor-element-66fa9d5 elementor-widget elementor-widget-text-editor\" data-id=\"66fa9d5\" data-element_type=\"widget\" data-e-type=\"widget\" data-widget_type=\"text-editor.default\">\n\t\t\t\t\t\t\t\t\t<p>Nous ne partageons vos donn\u00e9es avec des tiers que si cela est n\u00e9cessaire \u00e0 l'ex\u00e9cution de nos services ou si la loi l'exige. Les tiers peuvent \u00eatre<\/p><ul><li>Prestataires de services de paiement.<\/li><li>Services de livraison.<\/li><li>les fournisseurs de services informatiques et les fournisseurs d'h\u00e9bergement.<\/li><li>Partenaires marketing (uniquement avec votre consentement).<\/li><\/ul>\t\t\t\t\t\t\t\t<\/div>\n\t\t\t\t<div class=\"elementor-element elementor-element-84aed22 elementor-widget elementor-widget-heading\" data-id=\"84aed22\" data-element_type=\"widget\" data-e-type=\"widget\" data-widget_type=\"heading.default\">\n\t\t\t\t\t<h2 class=\"elementor-heading-title elementor-size-default\">Base juridique du traitement<\/h2>\t\t\t\t<\/div>\n\t\t\t\t<div class=\"elementor-element elementor-element-a11906c elementor-widget elementor-widget-text-editor\" data-id=\"a11906c\" data-element_type=\"widget\" data-e-type=\"widget\" data-widget_type=\"text-editor.default\">\n\t\t\t\t\t\t\t\t\t<p>Nous traitons vos donn\u00e9es sur la base des fondements juridiques suivants :<\/p><ul><li>Consentement : par exemple, pour l'envoi de lettres d'information, o\u00f9 l'exp\u00e9diteur a toujours la possibilit\u00e9 de se d\u00e9sinscrire.<\/li><li>Ex\u00e9cution d'un accord : par exemple, pour la livraison de produits ou de services.<\/li><li>Obligation l\u00e9gale : par exemple, la l\u00e9gislation fiscale.<\/li><li>Int\u00e9r\u00eat l\u00e9gitime : par exemple, pour am\u00e9liorer nos services.<\/li><\/ul>\t\t\t\t\t\t\t\t<\/div>\n\t\t\t\t<div class=\"elementor-element elementor-element-d516558 elementor-widget elementor-widget-heading\" data-id=\"d516558\" data-element_type=\"widget\" data-e-type=\"widget\" data-widget_type=\"heading.default\">\n\t\t\t\t\t<h2 class=\"elementor-heading-title elementor-size-default\">Comment prot\u00e9geons-nous vos donn\u00e9es ?<\/h2>\t\t\t\t<\/div>\n\t\t\t\t<div class=\"elementor-element elementor-element-ef52f22 elementor-widget elementor-widget-text-editor\" data-id=\"ef52f22\" data-element_type=\"widget\" data-e-type=\"widget\" data-widget_type=\"text-editor.default\">\n\t\t\t\t\t\t\t\t\t<p>Nous veillons \u00e0 ce que la politique de confidentialit\u00e9 que nous mettons en \u0153uvre lors du traitement des donn\u00e9es \u00e0 caract\u00e8re personnel soit toujours suffisante, selon l'\u00e9tat actuel de la technique, pour se pr\u00e9munir contre l'acc\u00e8s, la divulgation ou la perte non autoris\u00e9s. \u00c0 cette fin, nous travaillons en \u00e9troite collaboration avec nos partenaires.<\/p><p>BACKFORCE bv prend des mesures techniques et organisationnelles appropri\u00e9es pour prot\u00e9ger vos donn\u00e9es contre la perte, l'utilisation abusive, l'acc\u00e8s non autoris\u00e9 ou la divulgation.<\/p><p>Envisager :<\/p><ul><li>Chiffrement des donn\u00e9es sensibles.<\/li><li>Restriction de l'acc\u00e8s aux donn\u00e9es \u00e0 caract\u00e8re personnel.<\/li><li>Contr\u00f4les de s\u00e9curit\u00e9 r\u00e9guliers.<\/li><\/ul>\t\t\t\t\t\t\t\t<\/div>\n\t\t\t\t<div class=\"elementor-element elementor-element-58f2dd8 elementor-widget elementor-widget-heading\" data-id=\"58f2dd8\" data-element_type=\"widget\" data-e-type=\"widget\" data-widget_type=\"heading.default\">\n\t\t\t\t\t<h2 class=\"elementor-heading-title elementor-size-default\">Combien de temps conservons-nous vos donn\u00e9es ?<\/h2>\t\t\t\t<\/div>\n\t\t\t\t<div class=\"elementor-element elementor-element-b798ca0 elementor-widget elementor-widget-text-editor\" data-id=\"b798ca0\" data-element_type=\"widget\" data-e-type=\"widget\" data-widget_type=\"text-editor.default\">\n\t\t\t\t\t\t\t\t\t<p>Nous ne conserverons pas vos donn\u00e9es plus longtemps que n\u00e9cessaire aux fins pour lesquelles elles ont \u00e9t\u00e9 collect\u00e9es ou aussi longtemps que la loi l'exige. Par la suite, vos donn\u00e9es seront supprim\u00e9es en toute s\u00e9curit\u00e9.<\/p><ul><li>Donn\u00e9es relatives aux candidats : elles seront conserv\u00e9es pendant 12 mois au maximum apr\u00e8s la fin de la proc\u00e9dure de candidature, \u00e0 moins que vous ne donniez l'autorisation de les conserver plus longtemps pour des postes vacants ult\u00e9rieurs.<\/li><\/ul>\t\t\t\t\t\t\t\t<\/div>\n\t\t\t\t<div class=\"elementor-element elementor-element-2893e85 elementor-widget elementor-widget-heading\" data-id=\"2893e85\" data-element_type=\"widget\" data-e-type=\"widget\" data-widget_type=\"heading.default\">\n\t\t\t\t\t<h2 class=\"elementor-heading-title elementor-size-default\">Visualiser vos donn\u00e9es<\/h2>\t\t\t\t<\/div>\n\t\t\t\t<div class=\"elementor-element elementor-element-685f4a9 elementor-widget elementor-widget-text-editor\" data-id=\"685f4a9\" data-element_type=\"widget\" data-e-type=\"widget\" data-widget_type=\"text-editor.default\">\n\t\t\t\t\t\t\t\t\t<p>Vous avez le droit d'acc\u00e9der \u00e0 vos donn\u00e9es personnelles, de les corriger ou de les supprimer \u00e0 tout moment. Vous avez \u00e9galement le droit de vous opposer \u00e0 tout moment au traitement de vos donn\u00e9es personnelles. Dans ce cas, BACKFORCE bv cessera imm\u00e9diatement de traiter les donn\u00e9es \u00e0 caract\u00e8re personnel, \u00e0 moins qu'il n'existe des raisons imp\u00e9rieuses et l\u00e9gitimes qui l'emportent sur vos int\u00e9r\u00eats, droits ou libert\u00e9s, ou pour l'introduction, l'exercice ou le fondement d'une r\u00e9clamation l\u00e9gale.<\/p><p>Les donn\u00e9es personnelles peuvent \u00eatre r\u00e9cup\u00e9r\u00e9es, visualis\u00e9es, corrig\u00e9es ou supprim\u00e9es en envoyant un courriel \u00e0 info@backforce.be.<\/p><p>\u00a0Ces droits s'appliquent \u00e9galement aux candidats \u00e0 l'emploi.<\/p><p>Vous avez \u00e9galement le droit de d\u00e9poser une plainte aupr\u00e8s de la <a href=\"https:\/\/www.gegevensbeschermingsautoriteit.be\/burger\/startpagina\" target=\"_blank\" rel=\"nofollow noopener\">Autorit\u00e9 de protection des donn\u00e9es<\/a>.<\/p>\t\t\t\t\t\t\t\t<\/div>\n\t\t\t\t<div class=\"elementor-element elementor-element-bbb444b elementor-widget elementor-widget-heading\" data-id=\"bbb444b\" data-element_type=\"widget\" data-e-type=\"widget\" data-widget_type=\"heading.default\">\n\t\t\t\t\t<h2 class=\"elementor-heading-title elementor-size-default\">Cookies<\/h2>\t\t\t\t<\/div>\n\t\t\t\t<div class=\"elementor-element elementor-element-0e9b75d elementor-widget elementor-widget-text-editor\" data-id=\"0e9b75d\" data-element_type=\"widget\" data-e-type=\"widget\" data-widget_type=\"text-editor.default\">\n\t\t\t\t\t\t\t\t\t<p>Le site web de BACKFORCE bv et les sites web de ses marques et services utilisent des cookies pour am\u00e9liorer votre exp\u00e9rience. Veuillez consulter notre politique en mati\u00e8re de cookies pour plus d'informations sur l'utilisation des cookies et sur la mani\u00e8re de g\u00e9rer vos pr\u00e9f\u00e9rences.<\/p>\t\t\t\t\t\t\t\t<\/div>\n\t\t\t\t<div class=\"elementor-element elementor-element-db835df elementor-widget elementor-widget-heading\" data-id=\"db835df\" data-element_type=\"widget\" data-e-type=\"widget\" data-widget_type=\"heading.default\">\n\t\t\t\t\t<h2 class=\"elementor-heading-title elementor-size-default\">Contact, plaintes ou commentaires<\/h2>\t\t\t\t<\/div>\n\t\t\t\t<div class=\"elementor-element elementor-element-5e75c4f elementor-widget elementor-widget-text-editor\" data-id=\"5e75c4f\" data-element_type=\"widget\" data-e-type=\"widget\" data-widget_type=\"text-editor.default\">\n\t\t\t\t\t\t\t\t\t<p>Si, pour une raison quelconque, vous estimez ou avez la preuve que nous ne traitons pas vos donn\u00e9es correctement, vous pouvez nous le signaler \u00e0 l'adresse suivante <a href=\"mailto:info@backforce.be\">info@backforce.be<\/a>. Nous chercherons ensemble une solution ad\u00e9quate.<\/p><p>Pour toute question ou demande concernant cette politique de confidentialit\u00e9, veuillez contacter :<\/p><p>Backforce bv<br \/>Kunstdal 21, 9900 Eeklo, Belgique <br \/><a href=\"mailto:info@backforce.be\">info@backforce.be<\/a><\/p><p>Nous vous remercions de la confiance que vous accordez \u00e0 notre entreprise. Nous nous engageons \u00e0 prot\u00e9ger vos donn\u00e9es et \u00e0 rester transparents quant \u00e0 notre politique de confidentialit\u00e9.<\/p>\t\t\t\t\t\t\t\t<\/div>\n\t\t\t\t\t<\/div>\n\t\t\t\t<\/div>\n\t\t\t\t<\/div>","protected":false},"excerpt":{"rendered":"<p>Wij hechten veel waarde aan de privacy van onze gebruikers en verwerken uw persoonsgegevens zorgvuldig, veilig en transparant. In dit privacybeleid leggen we uit welke gegevens we verzamelen, waarom we dit doen en hoe we deze beschermen. Lees dit beleid zorgvuldig door om volledig op de hoogte te zijn van onze werkwijze. Verantwoordelijkheid Backforce bvKunstdal [&hellip;]<\/p>\n","protected":false},"author":6,"featured_media":0,"parent":0,"menu_order":9000,"comment_status":"closed","ping_status":"closed","template":"elementor_header_footer","meta":{"footnotes":""},"class_list":["post-40","page","type-page","status-publish","hentry"],"_links":{"self":[{"href":"https:\/\/www.backforce.be\/fr\/wp-json\/wp\/v2\/pages\/40","targetHints":{"allow":["GET"]}}],"collection":[{"href":"https:\/\/www.backforce.be\/fr\/wp-json\/wp\/v2\/pages"}],"about":[{"href":"https:\/\/www.backforce.be\/fr\/wp-json\/wp\/v2\/types\/page"}],"author":[{"embeddable":true,"href":"https:\/\/www.backforce.be\/fr\/wp-json\/wp\/v2\/users\/6"}],"replies":[{"embeddable":true,"href":"https:\/\/www.backforce.be\/fr\/wp-json\/wp\/v2\/comments?post=40"}],"version-history":[{"count":7,"href":"https:\/\/www.backforce.be\/fr\/wp-json\/wp\/v2\/pages\/40\/revisions"}],"predecessor-version":[{"id":4622,"href":"https:\/\/www.backforce.be\/fr\/wp-json\/wp\/v2\/pages\/40\/revisions\/4622"}],"wp:attachment":[{"href":"https:\/\/www.backforce.be\/fr\/wp-json\/wp\/v2\/media?parent=40"}],"curies":[{"name":"wp","href":"https:\/\/api.w.org\/{rel}","templated":true}]}}