{"id":3407,"date":"2025-06-24T11:41:45","date_gmt":"2025-06-24T09:41:45","guid":{"rendered":"https:\/\/www.backforce.be\/?page_id=3407"},"modified":"2025-10-24T10:05:04","modified_gmt":"2025-10-24T08:05:04","slug":"biscuits","status":"publish","type":"page","link":"https:\/\/www.backforce.be\/fr\/cookies\/","title":{"rendered":"Cookies"},"content":{"rendered":"<div data-elementor-type=\"wp-page\" data-elementor-id=\"3407\" class=\"elementor elementor-3407\" data-elementor-post-type=\"page\">\n\t\t\t\t<div class=\"elementor-element elementor-element-3a1ca8d padding-l e-flex e-con-boxed e-con e-parent\" data-id=\"3a1ca8d\" data-element_type=\"container\" data-e-type=\"container\">\n\t\t\t\t\t<div class=\"e-con-inner\">\n\t\t\t\t<div class=\"elementor-element elementor-element-5070fcf elementor-widget elementor-widget-heading\" data-id=\"5070fcf\" data-element_type=\"widget\" data-e-type=\"widget\" data-widget_type=\"heading.default\">\n\t\t\t\t\t<h1 class=\"elementor-heading-title elementor-size-default\">Cookies<\/h1>\t\t\t\t<\/div>\n\t\t\t\t<div class=\"elementor-element elementor-element-ddad316 elementor-widget elementor-widget-text-editor\" data-id=\"ddad316\" data-element_type=\"widget\" data-e-type=\"widget\" data-widget_type=\"text-editor.default\">\n\t\t\t\t\t\t\t\t\t<p><strong>Utilisation de cookies<\/strong><\/p><p>BACKFORCE bv utilise des cookies pour am\u00e9liorer l'utilisation et la fonctionnalit\u00e9 de ses sites web et pour mieux comprendre comment les visiteurs les utilisent ainsi que les outils et services offerts sur ces sites. En utilisant notre site web, vous acceptez que nous utilisions ces cookies.<\/p><p><strong>Un biscuit, qu'est-ce que c'est ?<\/strong><\/p><p>Un fichier texte stocke des informations, telles que votre pr\u00e9f\u00e9rence linguistique pour un site web. Lorsque vous visitez \u00e0 nouveau le site web ult\u00e9rieurement, ce cookie est \u00e0 nouveau envoy\u00e9 au site web. De cette mani\u00e8re, le site web reconna\u00eet votre navigateur et votre pr\u00e9f\u00e9rence linguistique, par exemple, peut \u00eatre m\u00e9moris\u00e9e. Ils nous aident \u00e0 adapter notre site web \u00e0 vos besoins personnels, \u00e0 am\u00e9liorer sa convivialit\u00e9, \u00e0 recevoir des commentaires sur la satisfaction des clients et \u00e0 communiquer avec vous ailleurs sur l'internet.<\/p><p>Les cookies ont g\u00e9n\u00e9ralement une date d'expiration. Par exemple, certains cookies sont supprim\u00e9s automatiquement lorsque vous fermez votre navigateur (appel\u00e9s cookies de session), tandis que d'autres restent sur votre ordinateur pendant une p\u00e9riode plus longue, parfois m\u00eame jusqu'\u00e0 ce que vous les supprimiez manuellement (appel\u00e9s cookies permanents).<br \/>Toutefois, d'autres m\u00e9canismes de tra\u00e7age peuvent \u00e9galement relever de la \u201c r\u00e9glementation sur les cookies \u201d (voir la d\u00e9finition large \u00e0 l'article 10\/2 de la loi du 30 juillet 2018 relative \u00e0 la protection des personnes physiques \u00e0 l'\u00e9gard du traitement des donn\u00e9es \u00e0 caract\u00e8re personnel. Il s'agit notamment du tra\u00e7age dans les applications pour smartphones, mais aussi d'autres techniques telles que l'utilisation d'un pixel, l'empreinte digitale de l'appareil, le stockage local, etc.<\/p><p>Vous pouvez toujours refuser ou bloquer les cookies en modifiant les param\u00e8tres de configuration de votre navigateur internet. La d\u00e9sactivation des cookies peut avoir pour cons\u00e9quence que vous ne puissiez plus utiliser certaines fonctionnalit\u00e9s du site web.<\/p><p><strong>Cookies de tiers<\/strong><\/p><p>BACKFORCE bv utilise des cookies plac\u00e9s par des tiers pour savoir comment notre site web est utilis\u00e9 et pour g\u00e9n\u00e9rer des rapports sur notre site web. En utilisant ce site web, vous consentez au traitement des informations par ces tiers de la mani\u00e8re et aux fins d\u00e9crites ci-dessus. Pour les cookies plac\u00e9s par des tiers (par exemple Google Analytics, Instagram et Facebook), veuillez vous r\u00e9f\u00e9rer aux politiques de confidentialit\u00e9 que ces parties fournissent sur leurs sites web respectifs \u00e0 cet \u00e9gard. BACKFORCE bv n'exerce aucune influence sur le contenu des politiques de confidentialit\u00e9 des tiers, ni sur le contenu des cookies de ces tiers.<\/p><p><strong>Quels sont les cookies que nous utilisons ?<\/strong><\/p><ul><li>Cookies n\u00e9cessaires : ces cookies sont essentiels au fonctionnement du site web et vous permettent de naviguer sur nos sites web et d'utiliser des fonctionnalit\u00e9s de base.<\/li><li>Cookies fonctionnels : ces cookies m\u00e9morisent vos pr\u00e9f\u00e9rences et vos choix (par exemple, le r\u00e9glage de la langue) afin d'am\u00e9liorer votre exp\u00e9rience d'utilisateur.<\/li><li>Cookies analytiques : avec ces cookies, BACKFORCE bv recueille des informations sur la mani\u00e8re dont les visiteurs utilisent nos sites web, comme les pages les plus visit\u00e9es et les \u00e9ventuels messages d'erreur. Ces cookies nous aident \u00e0 am\u00e9liorer les performances de nos sites web.<\/li><li>Cookies marketing : ces cookies sont utilis\u00e9s pour afficher des publicit\u00e9s ou des contenus de pages personnalis\u00e9s en fonction de votre comportement de navigation ou de vos param\u00e8tres. Ils peuvent \u00e9galement \u00eatre utilis\u00e9s pour mesurer l'efficacit\u00e9 des campagnes de marketing.<\/li><\/ul><p><strong><br \/>Consentement actif (opt-in)<\/strong><\/p><p>Lors de votre premi\u00e8re visite sur notre (nos) site(s) web, nous vous demandons votre consentement explicite pour installer des cookies non urgents. Vous avez la possibilit\u00e9 de :<\/p><ul><li>Accepter tous les cookies.<\/li><li>G\u00e9rer vos pr\u00e9f\u00e9rences et n'autoriser que certaines cat\u00e9gories de cookies.<\/li><li>Refuser compl\u00e8tement les cookies.<\/li><\/ul><p>Vous pouvez modifier vos param\u00e8tres ou retirer votre consentement \u00e0 tout moment via les param\u00e8tres de cookies de votre navigateur.<\/p><p>Si vous souhaitez savoir quels cookies ont \u00e9t\u00e9 plac\u00e9s sur votre appareil ou si vous souhaitez les supprimer, vous pouvez utiliser un param\u00e8tre de votre navigateur. Les liens ci-dessous vous expliquent comment proc\u00e9der.<\/p><p><a href=\"https:\/\/support.mozilla.org\/nl\/kb\/cookies-verwijderen-gegevens-wissen-websites-opgeslagen\" rel=\"nofollow noopener\" target=\"_blank\">Firefox<\/a><br \/><a href=\"https:\/\/support.google.com\/chrome\/answer\/95647?hl=nl\" rel=\"nofollow noopener\" target=\"_blank\">Chrome<\/a><br \/><a href=\"https:\/\/support.apple.com\/nl-be\/guide\/safari\/sfri11471\/mac\" rel=\"nofollow noopener\" target=\"_blank\">Safari<\/a><br \/><a href=\"https:\/\/support.microsoft.com\/nl-nl\/microsoft-edge\/cookies-verwijderen-in-microsoft-edge-63947406-40ac-c3b8-57b9-2a946a29ae09\" rel=\"nofollow noopener\" target=\"_blank\">Microsoft Edge<\/a><br \/><a href=\"https:\/\/support.mozilla.org\/nl\/kb\/cookies-privegegevens-geschiedenis-instellingen-wissen\" rel=\"nofollow noopener\" target=\"_blank\">Firefox<\/a> (mobile)<br \/><a href=\"https:\/\/support.google.com\/chrome\/answer\/95647?hl=nl\" rel=\"nofollow noopener\" target=\"_blank\">Chrome<\/a> (mobile)<br \/><a href=\"https:\/\/support.apple.com\/nl-be\/HT201265\" rel=\"nofollow noopener\" target=\"_blank\">Safari<\/a> (mobile)<br \/><a href=\"https:\/\/support.microsoft.com\/nl-be\/help\/4027947\/microsoft-edge-delete-cookies\" rel=\"nofollow noopener\" target=\"_blank\">Microsoft Edge<\/a> (mobile)<\/p><p><strong>Modifications de la pr\u00e9sente politique en mati\u00e8re de cookies<\/strong><\/p><p>Nous nous r\u00e9servons le droit de modifier cette politique en mati\u00e8re de cookies. Les modifications seront publi\u00e9es dans le pr\u00e9sent document. Veuillez consulter r\u00e9guli\u00e8rement notre politique pour prendre connaissance des mises \u00e0 jour.<\/p><p><strong>Contact, plaintes ou commentaires<\/strong><\/p><p>Vous avez le droit de nous demander de d\u00e9truire vos donn\u00e9es personnelles. Toutefois, si nous sommes l\u00e9galement tenus de conserver certaines donn\u00e9es \u00e0 caract\u00e8re personnel, il se peut que nous ne donnions pas suite \u00e0 cette demande. Vous avez \u00e9galement le droit de nous demander de cesser de traiter vos donn\u00e9es \u00e0 caract\u00e8re personnel.<\/p><p>Vous pensez que vos donn\u00e9es ne sont pas correctes ou \u00e0 jour ? Vous avez le droit de nous demander de les corriger. Si, pour une raison quelconque, vous estimez ou avez la preuve que nous ne traitons pas vos donn\u00e9es correctement, vous pouvez nous le signaler \u00e0 l'adresse suivante <a href=\"mailto:info@backforce.be\">info@backforce.be<\/a>. Nous chercherons ensemble une solution ad\u00e9quate.<\/p><p>Si vous nous contactez pour exercer vos droits, nous vous r\u00e9pondrons dans un d\u00e9lai d'un mois. Exceptionnellement, ce d\u00e9lai peut \u00eatre plus long (jusqu'\u00e0 un total maximum de 3 mois), mais nous vous en informerons dans un d\u00e9lai d'un mois. La possibilit\u00e9 d'exercer vos droits d\u00e9pend du traitement et de la base juridique.<\/p><p>Veillez \u00e0 ce qu'il soit toujours clair quel droit vous souhaitez exercer et de quelle mani\u00e8re (par exemple, par e-mail, par courrier, oralement,...) vous souhaitez recevoir l'information. Veuillez noter que dans certains cas, nous avons besoin de plus d'informations. Nous voulons \u00eatre s\u00fbrs que nous aidons la bonne personne.<\/p><p>Pour toute question ou demande concernant cette politique de confidentialit\u00e9, veuillez contacter :<\/p><p>BACKFORCE bv<br \/>Kunstdal 21, 9900 Eeklo, Belgique <br \/><a href=\"mailto:info@backforce.be\">info@backforce.be<\/a><\/p><p>Vous avez le droit de d\u00e9poser une plainte aupr\u00e8s de la <a href=\"https:\/\/www.gegevensbeschermingsautoriteit.be\/burger\/startpagina\" target=\"_blank\" rel=\"nofollow noopener\">Autorit\u00e9 de protection des donn\u00e9es<\/a>.<\/p><p>En continuant \u00e0 utiliser le site web de BACKFORCE bv et\/ou les sites web de ses marques et services, vous consentez \u00e0 notre utilisation des cookies telle que d\u00e9crite dans cette politique.<\/p><p>Nous vous remercions de la confiance que vous accordez \u00e0 BACKFORCE bv.<\/p>\t\t\t\t\t\t\t\t<\/div>\n\t\t\t\t\t<\/div>\n\t\t\t\t<\/div>\n\t\t\t\t<\/div>","protected":false},"excerpt":{"rendered":"<p>Het gebruik van Cookies BACKFORCE bv gebruikt cookies om het gebruik en de functionaliteit van onze websites te verbeteren en om beter te begrijpen hoe bezoekers er gebruik van maken en van de tools en diensten die op die sites worden aangeboden. Door gebruik te maken van onze website, gaat u akkoord met ons gebruik [&hellip;]<\/p>\n","protected":false},"author":6,"featured_media":0,"parent":0,"menu_order":9500,"comment_status":"closed","ping_status":"closed","template":"","meta":{"footnotes":""},"class_list":["post-3407","page","type-page","status-publish","hentry"],"_links":{"self":[{"href":"https:\/\/www.backforce.be\/fr\/wp-json\/wp\/v2\/pages\/3407","targetHints":{"allow":["GET"]}}],"collection":[{"href":"https:\/\/www.backforce.be\/fr\/wp-json\/wp\/v2\/pages"}],"about":[{"href":"https:\/\/www.backforce.be\/fr\/wp-json\/wp\/v2\/types\/page"}],"author":[{"embeddable":true,"href":"https:\/\/www.backforce.be\/fr\/wp-json\/wp\/v2\/users\/6"}],"replies":[{"embeddable":true,"href":"https:\/\/www.backforce.be\/fr\/wp-json\/wp\/v2\/comments?post=3407"}],"version-history":[{"count":14,"href":"https:\/\/www.backforce.be\/fr\/wp-json\/wp\/v2\/pages\/3407\/revisions"}],"predecessor-version":[{"id":4654,"href":"https:\/\/www.backforce.be\/fr\/wp-json\/wp\/v2\/pages\/3407\/revisions\/4654"}],"wp:attachment":[{"href":"https:\/\/www.backforce.be\/fr\/wp-json\/wp\/v2\/media?parent=3407"}],"curies":[{"name":"wp","href":"https:\/\/api.w.org\/{rel}","templated":true}]}}